{"id":2281,"date":"2023-03-30T15:48:29","date_gmt":"2023-03-30T08:48:29","guid":{"rendered":"https:\/\/kahngee.com\/?page_id=2281"},"modified":"2023-04-03T15:23:31","modified_gmt":"2023-04-03T08:23:31","slug":"nhap-khau-phan-phoi-tbyt","status":"publish","type":"page","link":"https:\/\/kahngee.com\/?page_id=2281","title":{"rendered":"MEDICAL DEVICES DISTRIBUTION"},"content":{"rendered":"Song h\u00e0nh c\u00f9ng s\u1ef1 ph\u00e1t tri\u1ec3n ng\u00e0y m\u1ed9t m\u1ea1nh m\u1ebd c\u1ee7a ng\u00e0nh Y t\u1ebf, Kahngee ti\u00ean\nphong \u0111\u1ed5i m\u1edbi trong cung c\u1ea5p gi\u1ea3i ph\u00e1p v\u00e0 d\u1ecbch v\u1ee5 y t\u1ebf to\u00e0n di\u1ec7n b\u1eb1ng vi\u1ec7c nh\u1eadp\nkh\u1ea9u thi\u1ebft b\u1ecb y t\u1ebf c\u00f4ng ngh\u1ec7 cao \u0111\u1ebfn t\u1eeb Ch\u00e2u \u00c2u, M\u1ef9, Nh\u1eadt B\u1ea3n &#8230;<o:p><\/o:p>\n\n<!-- \/wp:post-content --><!-- wp:paragraph -->\n\nV\u1edbi chi\u1ebfn l\u01b0\u1ee3c ph\u00e1t tri\u1ec3n b\u1ec1n v\u1eefng, ch\u00fang t\u00f4i t\u00e2m nguy\u1ec7n mang l\u1ea1i gi\u00e1 tr\u1ecb\nc\u1ed1t l\u00f5i \u201cni\u1ec1m tin\u201d v\u00e0 \u201cs\u1ef1 an t\u00e2m\u201d d\u00e0nh cho t\u1ea5t c\u1ea3: kh\u00e1ch h\u00e0ng v\u00e0 \u0111\u1ed1i t\u00e1c. <o:p><\/o:p>\n\n<!-- \/wp:paragraph --><!-- wp:paragraph -->\n\nC\u00f9ng v\u1edbi \u0111\u1ed9i ng\u0169 nh\u00e2n s\u1ef1 c\u00f3 n\u0103ng l\u1ef1c, kinh nghi\u1ec7m v\u00e0 th\u01b0\u1eddng xuy\u00ean n\u00e2ng c\u1ea5p,\nC\u00f4ng ty ch\u00fang t\u00f4i s\u1ebd \u0111\u00e1p \u1ee9ng k\u1ecbp th\u1eddi c\u00e1c y\u00eau c\u1ea7u c\u1ee7a Qu\u00fd kh\u00e1ch h\u00e0ng trong \u0111\u1ea7u\nt\u01b0. Qu\u00fd kh\u00e1ch h\u00e0ng \u0111\u1ebfn v\u1edbi c\u00f4ng ty ch\u00fang t\u00f4i, s\u1ebd \u0111\u01b0\u1ee3c t\u01b0 v\u1ea5n mi\u1ec5n ph\u00ed, chia s\u1ebb\nkinh nghi\u1ec7m v\u1ec1 qu\u1ea3n l\u00fd d\u1ef1 \u00e1n v\u00e0 \u0111\u1ea7u t\u01b0 x\u00e2y d\u1ef1ng, mua s\u1eafm trang thi\u1ebft b\u1ecb, c\u00f4ng\nngh\u1ec7 ti\u00ean ti\u1ebfn \u0111\u00e1p \u1ee9ng nhu c\u1ea7u c\u1ee7a t\u1eebng d\u1ef1 \u00e1n, t\u1eebng quy m\u00f4 \u0111\u1ea7u t\u01b0. <o:p><\/o:p>\n\n<!-- \/wp:paragraph -->","protected":false},"excerpt":{"rendered":"<p>Song h\u00e0nh c\u00f9ng s\u1ef1 ph\u00e1t tri\u1ec3n ng\u00e0y m\u1ed9t m\u1ea1nh m\u1ebd c\u1ee7a ng\u00e0nh Y t\u1ebf, Kahngee ti\u00ean phong \u0111\u1ed5i m\u1edbi trong cung c\u1ea5p gi\u1ea3i ph\u00e1p v\u00e0 d\u1ecbch v\u1ee5 y t\u1ebf to\u00e0n di\u1ec7n b\u1eb1ng vi\u1ec7c nh\u1eadp kh\u1ea9u thi\u1ebft b\u1ecb y t\u1ebf c\u00f4ng ngh\u1ec7 cao \u0111\u1ebfn t\u1eeb Ch\u00e2u \u00c2u, M\u1ef9, Nh\u1eadt B\u1ea3n &#8230; V\u1edbi chi\u1ebfn l\u01b0\u1ee3c ph\u00e1t tri\u1ec3n [&hellip;]<\/p>\n","protected":false},"author":1,"featured_media":0,"parent":0,"menu_order":0,"comment_status":"closed","ping_status":"closed","template":"","meta":{"footnotes":""},"class_list":["post-2281","page","type-page","status-publish","hentry"],"_links":{"self":[{"href":"https:\/\/kahngee.com\/index.php?rest_route=\/wp\/v2\/pages\/2281","targetHints":{"allow":["GET"]}}],"collection":[{"href":"https:\/\/kahngee.com\/index.php?rest_route=\/wp\/v2\/pages"}],"about":[{"href":"https:\/\/kahngee.com\/index.php?rest_route=\/wp\/v2\/types\/page"}],"author":[{"embeddable":true,"href":"https:\/\/kahngee.com\/index.php?rest_route=\/wp\/v2\/users\/1"}],"replies":[{"embeddable":true,"href":"https:\/\/kahngee.com\/index.php?rest_route=%2Fwp%2Fv2%2Fcomments&post=2281"}],"version-history":[{"count":3,"href":"https:\/\/kahngee.com\/index.php?rest_route=\/wp\/v2\/pages\/2281\/revisions"}],"predecessor-version":[{"id":2297,"href":"https:\/\/kahngee.com\/index.php?rest_route=\/wp\/v2\/pages\/2281\/revisions\/2297"}],"wp:attachment":[{"href":"https:\/\/kahngee.com\/index.php?rest_route=%2Fwp%2Fv2%2Fmedia&parent=2281"}],"curies":[{"name":"wp","href":"https:\/\/api.w.org\/{rel}","templated":true}]}}